{"id":3509,"date":"2017-08-03T08:44:45","date_gmt":"2017-08-03T08:44:45","guid":{"rendered":"http:\/\/kdi-kosova.org\/programet\/"},"modified":"2018-01-19T10:57:57","modified_gmt":"2018-01-19T10:57:57","slug":"programs","status":"publish","type":"page","link":"https:\/\/kdi-kosova.org\/en\/programs\/","title":{"rendered":"Programs"},"content":{"rendered":"<div id=\"gt-src-c\" class=\"g-unit\">\n<div id=\"gt-src-p\">\n<div id=\"src-translit\" class=\"translit\" dir=\"ltr\"><span title=\"Programi p\u00ebr Zgjedhje t\u00eb Lira dhe t\u00eb Drejta (ZLD) n\u00eb kuad\u00ebr t\u00eb KDI-s\u00eb, angazhohet p\u00ebr t\u00eb kontribuar n\u00eb sigurimin e integritetit n\u00eb procesin zgjedhor dhe arritjen e standardeve demokratike p\u00ebrmes nj\u00eb v\u00ebzhgimi objektiv dhe politikisht t\u00eb paansh\u00ebm.\">The Free Election and Right Program within KDI is committed to contribute to ensure integrity in the electoral process and achieve democratic standards through an objective and politically impartial observation.\u00a0<\/span><span title=\"Informimi dhe nxitja e qytetar\u00ebve q\u00eb t\u00eb ushtrojn\u00eb t\u00eb drejt\u00ebn e tyre elementare p\u00ebr t\u00eb zgjedh\u00eb dhe p\u00ebr t\u2019u zgjedhur \u00ebsht\u00eb nj\u00eb nga shtyllat kryesore t\u00eb programit.\">Informing and encouraging citizens to exercise their elementary right to choose and to be elected is one of the main pillars of the program.\u00a0<\/span><span title=\"Aktiviteti yn\u00eb ka p\u00ebr q\u00ebllim t\u00eb dekurajoj\u00eb tentativat p\u00ebr mashtrime, parregull\u00ebsi, gabime administrative dhe t\u00eb ndihmoj n\u00eb zgjidhjen e kontesteve zgjedhore dhe krijimin e nj\u00eb ambienti q\u00eb garanton zgjedhje legjitime dhe demokratike. \">Our activity aims to discourage attempts for fraud, irregularities, and administrative mistakes, and help in resolving electoral disputes and creating an environment that guarantees legitimate and democratic elections.<\/span><\/div>\n<\/div>\n<\/div>\n<div id=\"gt-res-c\" class=\"g-unit\">\n<div id=\"gt-res-p\">\n<div id=\"gt-res-data\">\n<div id=\"gt-res-wrap\">\n<div id=\"gt-res-content\">\n<div id=\"gt-res-dir-ctr\" class=\"trans-verified-button-small\" dir=\"ltr\"><span class=\"\" lang=\"en\"><span class=\"\" lang=\"en\"><span title=\"Aktiviteti yn\u00eb ka p\u00ebr q\u00ebllim t\u00eb dekurajoj\u00eb tentativat p\u00ebr mashtrime, parregull\u00ebsi, gabime administrative dhe t\u00eb ndihmoj n\u00eb zgjidhjen e kontesteve zgjedhore dhe krijimin e nj\u00eb ambienti q\u00eb garanton zgjedhje legjitime dhe demokratike. \"><br \/>\n<\/span><span title=\"Q\u00eb nga themelimi i saj, KDI \u00ebsht\u00eb angazhuar n\u00eb aktivitete t\u00eb rregullta p\u00ebrgjat\u00eb gjith\u00eb ciklit zgjedhor, q\u00eb n\u00ebnkupton mobilizimin e OJQ-ve dhe ngritjen e kapaciteteve t\u00eb tyre p\u00ebr v\u00ebzhgim dhe raportim t\u00eb procesit zgjedhor, edukimin dhe sensibilizimin e votuesve p\u00ebr t\u00eb drejtat e tyre zgjedhore\">Since its establishment, KDI has been engaged in regular activities throughout the electoral cycle, which means mobilizing NGOs and building their capacities to monitor and report on the electoral process, educate and raise awareness of voters about their electoral rights\u00a0<\/span><span title=\", avokimin p\u00ebr reform\u00eb t\u00eb mir\u00ebfillt\u00eb zgjedhore dhe ofrimin e rekomandimeve konkrete p\u00ebr t\u00eb siguruar nj\u00eb proces m\u00eb efikas zgjedhor. \">, advocating for genuine electoral reform and providing concrete recommendations to ensure a more efficient electoral process.<br \/>\n<\/span><\/span><\/span><span id=\"result_box\" class=\"\" lang=\"en\"><\/span><\/div>\n<div dir=\"ltr\"><\/div>\n<div class=\"trans-verified-button-small\" dir=\"ltr\"><span id=\"result_box\" class=\"\" lang=\"en\"><span title=\"Duke qen\u00eb edhe zyrtarisht an\u00ebtare e Rrjetit Evropian t\u00eb Organizatave p\u00ebr Monitorim t\u00eb Zgjedhjeve, ENEMO, KDI m\u00ebton t\u00eb angazhohet edhe jasht\u00eb kufijve t\u00eb Kosov\u00ebs p\u00ebr t\u00eb monitoruar dhe garantuar intergritetin e proceseve zgjedhore q\u00eb forcojn\u00eb besimin e publikut dhe inkurajojn\u00eb pjes\u00ebmarrjen e qytetar\u00ebve n\u00eb zgjedhje.\">Being officially a member of the European Network of Election Monitoring Organizations, KDI intends to engage even outside the borders of Kosovo to monitor and guarantee the integrity of election processes that strengthen public confidence and encourage citizen participation in the elections.<\/span><\/span><\/div>\n<\/div>\n<\/div>\n<\/div>\n<\/div>\n<\/div>\n","protected":false},"excerpt":{"rendered":"<p>The Free Election and Right Program within KDI is committed to contribute to ensure integrity in the electoral process and achieve democratic standards through an objective and politically impartial observation.\u00a0Informing and encouraging citizens to exercise their elementary right to choose and to be elected is one of the main pillars of the program.\u00a0Our activity aims [&hellip;]<\/p>\n","protected":false},"author":1,"featured_media":0,"parent":0,"menu_order":34,"comment_status":"closed","ping_status":"closed","template":"page-templates\/program.php","meta":{"_acf_changed":false,"footnotes":""},"class_list":["post-3509","page","type-page","status-publish","hentry"],"acf":[],"yoast_head":"<!-- This site is optimized with the Yoast SEO plugin v23.1 - https:\/\/yoast.com\/wordpress\/plugins\/seo\/ -->\n<title>Programs - KDI<\/title>\n<meta name=\"robots\" content=\"index, follow, max-snippet:-1, max-image-preview:large, max-video-preview:-1\" \/>\n<link rel=\"canonical\" href=\"https:\/\/kdi-kosova.org\/en\/programs\/\" \/>\n<meta property=\"og:locale\" content=\"en_US\" \/>\n<meta property=\"og:type\" content=\"article\" \/>\n<meta property=\"og:title\" content=\"Programs - KDI\" \/>\n<meta property=\"og:description\" content=\"The Free Election and Right Program within KDI is committed to contribute to ensure integrity in the electoral process and achieve democratic standards through an objective and politically impartial observation.\u00a0Informing and encouraging citizens to exercise their elementary right to choose and to be elected is one of the main pillars of the program.\u00a0Our activity aims [&hellip;]\" \/>\n<meta property=\"og:url\" content=\"https:\/\/kdi-kosova.org\/en\/programs\/\" \/>\n<meta property=\"og:site_name\" content=\"KDI\" \/>\n<meta property=\"article:publisher\" content=\"https:\/\/www.facebook.com\/kosovademocraticinstitute\/\" \/>\n<meta property=\"article:modified_time\" content=\"2018-01-19T10:57:57+00:00\" \/>\n<meta property=\"og:image\" content=\"https:\/\/kdi-kosova.org\/wp-content\/uploads\/2017\/12\/foto-placeholder.jpg\" \/>\n\t<meta property=\"og:image:width\" content=\"920\" \/>\n\t<meta property=\"og:image:height\" content=\"600\" \/>\n\t<meta property=\"og:image:type\" content=\"image\/jpeg\" \/>\n<meta name=\"twitter:card\" content=\"summary_large_image\" \/>\n<meta name=\"twitter:site\" content=\"@KDI_kosova\" \/>\n<meta name=\"twitter:label1\" content=\"Est. reading time\" \/>\n\t<meta name=\"twitter:data1\" content=\"1 minute\" \/>\n<script type=\"application\/ld+json\" class=\"yoast-schema-graph\">{\"@context\":\"https:\/\/schema.org\",\"@graph\":[{\"@type\":\"WebPage\",\"@id\":\"https:\/\/kdi-kosova.org\/en\/programs\/\",\"url\":\"https:\/\/kdi-kosova.org\/en\/programs\/\",\"name\":\"Programs - KDI\",\"isPartOf\":{\"@id\":\"https:\/\/kdi-kosova.org\/en\/#website\"},\"datePublished\":\"2017-08-03T08:44:45+00:00\",\"dateModified\":\"2018-01-19T10:57:57+00:00\",\"breadcrumb\":{\"@id\":\"https:\/\/kdi-kosova.org\/en\/programs\/#breadcrumb\"},\"inLanguage\":\"en-US\",\"potentialAction\":[{\"@type\":\"ReadAction\",\"target\":[\"https:\/\/kdi-kosova.org\/en\/programs\/\"]}]},{\"@type\":\"BreadcrumbList\",\"@id\":\"https:\/\/kdi-kosova.org\/en\/programs\/#breadcrumb\",\"itemListElement\":[{\"@type\":\"ListItem\",\"position\":1,\"name\":\"Home\",\"item\":\"https:\/\/kdi-kosova.org\/en\/\"},{\"@type\":\"ListItem\",\"position\":2,\"name\":\"Programs\"}]},{\"@type\":\"WebSite\",\"@id\":\"https:\/\/kdi-kosova.org\/en\/#website\",\"url\":\"https:\/\/kdi-kosova.org\/en\/\",\"name\":\"KDI\",\"description\":\"Kosova Democratic Institute\",\"publisher\":{\"@id\":\"https:\/\/kdi-kosova.org\/en\/#organization\"},\"potentialAction\":[{\"@type\":\"SearchAction\",\"target\":{\"@type\":\"EntryPoint\",\"urlTemplate\":\"https:\/\/kdi-kosova.org\/en\/?s={search_term_string}\"},\"query-input\":\"required name=search_term_string\"}],\"inLanguage\":\"en-US\"},{\"@type\":\"Organization\",\"@id\":\"https:\/\/kdi-kosova.org\/en\/#organization\",\"name\":\"KDI\",\"url\":\"https:\/\/kdi-kosova.org\/en\/\",\"logo\":{\"@type\":\"ImageObject\",\"inLanguage\":\"en-US\",\"@id\":\"https:\/\/kdi-kosova.org\/en\/#\/schema\/logo\/image\/\",\"url\":\"https:\/\/kdi-kosova.org\/wp-content\/uploads\/2017\/07\/kdi-main-logo.png\",\"contentUrl\":\"https:\/\/kdi-kosova.org\/wp-content\/uploads\/2017\/07\/kdi-main-logo.png\",\"width\":150,\"height\":61,\"caption\":\"KDI\"},\"image\":{\"@id\":\"https:\/\/kdi-kosova.org\/en\/#\/schema\/logo\/image\/\"},\"sameAs\":[\"https:\/\/www.facebook.com\/kosovademocraticinstitute\/\",\"https:\/\/x.com\/KDI_kosova\"]}]}<\/script>\n<!-- \/ Yoast SEO plugin. -->","yoast_head_json":{"title":"Programs - KDI","robots":{"index":"index","follow":"follow","max-snippet":"max-snippet:-1","max-image-preview":"max-image-preview:large","max-video-preview":"max-video-preview:-1"},"canonical":"https:\/\/kdi-kosova.org\/en\/programs\/","og_locale":"en_US","og_type":"article","og_title":"Programs - KDI","og_description":"The Free Election and Right Program within KDI is committed to contribute to ensure integrity in the electoral process and achieve democratic standards through an objective and politically impartial observation.\u00a0Informing and encouraging citizens to exercise their elementary right to choose and to be elected is one of the main pillars of the program.\u00a0Our activity aims [&hellip;]","og_url":"https:\/\/kdi-kosova.org\/en\/programs\/","og_site_name":"KDI","article_publisher":"https:\/\/www.facebook.com\/kosovademocraticinstitute\/","article_modified_time":"2018-01-19T10:57:57+00:00","og_image":[{"width":920,"height":600,"url":"https:\/\/kdi-kosova.org\/wp-content\/uploads\/2017\/12\/foto-placeholder.jpg","type":"image\/jpeg"}],"twitter_card":"summary_large_image","twitter_site":"@KDI_kosova","twitter_misc":{"Est. reading time":"1 minute"},"schema":{"@context":"https:\/\/schema.org","@graph":[{"@type":"WebPage","@id":"https:\/\/kdi-kosova.org\/en\/programs\/","url":"https:\/\/kdi-kosova.org\/en\/programs\/","name":"Programs - KDI","isPartOf":{"@id":"https:\/\/kdi-kosova.org\/en\/#website"},"datePublished":"2017-08-03T08:44:45+00:00","dateModified":"2018-01-19T10:57:57+00:00","breadcrumb":{"@id":"https:\/\/kdi-kosova.org\/en\/programs\/#breadcrumb"},"inLanguage":"en-US","potentialAction":[{"@type":"ReadAction","target":["https:\/\/kdi-kosova.org\/en\/programs\/"]}]},{"@type":"BreadcrumbList","@id":"https:\/\/kdi-kosova.org\/en\/programs\/#breadcrumb","itemListElement":[{"@type":"ListItem","position":1,"name":"Home","item":"https:\/\/kdi-kosova.org\/en\/"},{"@type":"ListItem","position":2,"name":"Programs"}]},{"@type":"WebSite","@id":"https:\/\/kdi-kosova.org\/en\/#website","url":"https:\/\/kdi-kosova.org\/en\/","name":"KDI","description":"Kosova Democratic Institute","publisher":{"@id":"https:\/\/kdi-kosova.org\/en\/#organization"},"potentialAction":[{"@type":"SearchAction","target":{"@type":"EntryPoint","urlTemplate":"https:\/\/kdi-kosova.org\/en\/?s={search_term_string}"},"query-input":"required name=search_term_string"}],"inLanguage":"en-US"},{"@type":"Organization","@id":"https:\/\/kdi-kosova.org\/en\/#organization","name":"KDI","url":"https:\/\/kdi-kosova.org\/en\/","logo":{"@type":"ImageObject","inLanguage":"en-US","@id":"https:\/\/kdi-kosova.org\/en\/#\/schema\/logo\/image\/","url":"https:\/\/kdi-kosova.org\/wp-content\/uploads\/2017\/07\/kdi-main-logo.png","contentUrl":"https:\/\/kdi-kosova.org\/wp-content\/uploads\/2017\/07\/kdi-main-logo.png","width":150,"height":61,"caption":"KDI"},"image":{"@id":"https:\/\/kdi-kosova.org\/en\/#\/schema\/logo\/image\/"},"sameAs":["https:\/\/www.facebook.com\/kosovademocraticinstitute\/","https:\/\/x.com\/KDI_kosova"]}]}},"_links":{"self":[{"href":"https:\/\/kdi-kosova.org\/en\/wp-json\/wp\/v2\/pages\/3509"}],"collection":[{"href":"https:\/\/kdi-kosova.org\/en\/wp-json\/wp\/v2\/pages"}],"about":[{"href":"https:\/\/kdi-kosova.org\/en\/wp-json\/wp\/v2\/types\/page"}],"author":[{"embeddable":true,"href":"https:\/\/kdi-kosova.org\/en\/wp-json\/wp\/v2\/users\/1"}],"replies":[{"embeddable":true,"href":"https:\/\/kdi-kosova.org\/en\/wp-json\/wp\/v2\/comments?post=3509"}],"version-history":[{"count":3,"href":"https:\/\/kdi-kosova.org\/en\/wp-json\/wp\/v2\/pages\/3509\/revisions"}],"predecessor-version":[{"id":3512,"href":"https:\/\/kdi-kosova.org\/en\/wp-json\/wp\/v2\/pages\/3509\/revisions\/3512"}],"wp:attachment":[{"href":"https:\/\/kdi-kosova.org\/en\/wp-json\/wp\/v2\/media?parent=3509"}],"curies":[{"name":"wp","href":"https:\/\/api.w.org\/{rel}","templated":true}]}}